{"id":7853,"date":"2021-10-17T08:23:03","date_gmt":"2021-10-17T08:23:03","guid":{"rendered":"\/?page_id=7853"},"modified":"2025-03-13T10:24:18","modified_gmt":"2025-03-13T08:24:18","slug":"sazinies-noverte","status":"publish","type":"page","link":"https:\/\/rigasveseliba.lv\/lv\/sazinies-noverte\/","title":{"rendered":"Sazinies \/ nov\u0113rt\u0113"},"content":{"rendered":"<p><span style=\"font-size: 18px;\">Ja ar\u012b J\u016bs v\u0113laties izteikt viedokli par k\u0101du \u201cR\u012bgas vesel\u012bbas centra\u201d medi\u0137i vai \u0101rstniec\u012bbas atbalsta personu, l\u016bgums rakst\u012bt:<strong>\u00a0<a href=\"mailto:rvc@rigasveseliba.lv\">rvc@rigasveseliba.lv<\/a><\/strong><\/span><\/p>\n<hr \/>\n<p><span style=\"font-size: 18px;\">Lai uzlabotu SIA \u201cR\u012bgas vesel\u012bbas centrs\u201d pakalpojumu kvalit\u0101ti, aicin\u0101m J\u016bs nov\u0113rt\u0113t savu pieredzi p\u0113c \u0101rsta\/speci\u0101lista apmekl\u0113juma vai pakalpojuma sa\u0146em\u0161anas.<\/span><\/p>\n<p><strong><span style=\"font-size: 18px;\">Pacientu aptauja ir anon\u012bma, t\u0101s aizpild\u012b\u0161ana aiz\u0146ems 3-5 min\u016btes.<\/span><\/strong><\/p>\n<p><strong><span style=\"font-size: 18px;\">B\u016bsim pateic\u012bgi par J\u016bsu viedokli!<\/span><\/strong><\/p>","protected":false},"excerpt":{"rendered":"<p>Ja ar\u012b J\u016bs v\u0113laties izteikt viedokli par k\u0101du \u201cR\u012bgas vesel\u012bbas centra\u201d medi\u0137i vai \u0101rstniec\u012bbas atbalsta personu, l\u016bgums rakst\u012bt:\u00a0rvc@rigasveseliba.lv Lai uzlabotu SIA \u201cR\u012bgas vesel\u012bbas centrs\u201d pakalpojumu kvalit\u0101ti, aicin\u0101m J\u016bs nov\u0113rt\u0113t savu pieredzi p\u0113c \u0101rsta\/speci\u0101lista apmekl\u0113juma vai pakalpojuma sa\u0146em\u0161anas. Pacientu aptauja ir anon\u012bma, t\u0101s aizpild\u012b\u0161ana aiz\u0146ems 3-5 min\u016btes. B\u016bsim pateic\u012bgi par J\u016bsu viedokli!<\/p>\n","protected":false},"author":1,"featured_media":0,"parent":0,"menu_order":0,"comment_status":"closed","ping_status":"closed","template":"rvc_sazinies.php","meta":{"_acf_changed":false,"_stc_notifier_status":"","_stc_notifier_sent_time":"","_stc_notifier_request":false,"_stc_notifier_prevent":false,"_stc_subscriber_keywords":"","_stc_subscriber_search_areas":"","inline_featured_image":false,"footnotes":""},"class_list":["post-7853","page","type-page","status-publish","hentry"],"acf":{"anketas":[{"nosaukums":"Pacientu aptauja","saite":"https:\/\/forms.gle\/Qm1EeJZ1FkjULFHXA"},{"nosaukums":"Pacientu pieredzes aptaujas rezult\u0101ti","saite":"\/sazinies-noverte\/pacientu-pieredzes-aptaujas-rezultati\/"}]},"_links":{"self":[{"href":"https:\/\/rigasveseliba.lv\/lv\/wp-json\/wp\/v2\/pages\/7853","targetHints":{"allow":["GET"]}}],"collection":[{"href":"https:\/\/rigasveseliba.lv\/lv\/wp-json\/wp\/v2\/pages"}],"about":[{"href":"https:\/\/rigasveseliba.lv\/lv\/wp-json\/wp\/v2\/types\/page"}],"author":[{"embeddable":true,"href":"https:\/\/rigasveseliba.lv\/lv\/wp-json\/wp\/v2\/users\/1"}],"replies":[{"embeddable":true,"href":"https:\/\/rigasveseliba.lv\/lv\/wp-json\/wp\/v2\/comments?post=7853"}],"version-history":[{"count":11,"href":"https:\/\/rigasveseliba.lv\/lv\/wp-json\/wp\/v2\/pages\/7853\/revisions"}],"predecessor-version":[{"id":49793,"href":"https:\/\/rigasveseliba.lv\/lv\/wp-json\/wp\/v2\/pages\/7853\/revisions\/49793"}],"wp:attachment":[{"href":"https:\/\/rigasveseliba.lv\/lv\/wp-json\/wp\/v2\/media?parent=7853"}],"curies":[{"name":"wp","href":"https:\/\/api.w.org\/{rel}","templated":true}]}}