{"id":5814,"date":"2021-10-11T21:15:10","date_gmt":"2021-10-11T21:15:10","guid":{"rendered":"\/?page_id=5814"},"modified":"2021-10-11T21:15:10","modified_gmt":"2021-10-11T21:15:10","slug":"par-eparakstu","status":"publish","type":"page","link":"https:\/\/rigasveseliba.lv\/lv\/par-eparakstu\/","title":{"rendered":"Par eParakstu"},"content":{"rendered":"<p><a href=\"https:\/\/www.eparaksts.lv\/lv\/\" target=\"_blank\" rel=\"noopener\"><img loading=\"lazy\" decoding=\"async\" class=\"alignnone size-large wp-image-29342\" src=\"\/wp-content\/uploads\/2021\/10\/1.png\" alt=\"\" width=\"648\" height=\"162\" \/><\/a><\/p>\n<p><a href=\"https:\/\/www.eparaksts.lv\/lv\/\" target=\"_blank\" rel=\"noopener\"><img loading=\"lazy\" decoding=\"async\" class=\"alignnone wp-image-29343\" src=\"\/wp-content\/uploads\/2021\/10\/2.png\" alt=\"\" width=\"600\" height=\"150\" \/><\/a><\/p>\n<p><a href=\"https:\/\/ec.europa.eu\/cefdigital\/DSS\/webapp-demo\/validation \" target=\"_blank\" rel=\"noopener\"><img loading=\"lazy\" decoding=\"async\" class=\"alignnone wp-image-29344\" src=\"https:\/\/rigasveseliba.lv\/wp-content\/uploads\/2021\/06\/3.png\" alt=\"\" width=\"600\" height=\"150\" \/><\/a><\/p>\n<p><a href=\"\/wp-content\/uploads\/2021\/10\/eParaksta-iespejas-2020-07-v2.pdf\">eParaksta iesp\u0113jas<\/a><\/p>\n<p><a href=\"\/wp-content\/uploads\/2021\/10\/Ka_pieteikties_ePm_LV.jpg.pdf\">K\u0101 pieteikties eParaksts mobile<\/a><\/p>\n<p><a href=\"\/wp-content\/uploads\/2021\/10\/ePm_digitala_pase.jpg.pdf\">eParaksts mobile<\/a><\/p>\n<p><a href=\"\/wp-content\/uploads\/2021\/10\/eParaksts_Dokumentu_Formati-A4-1.pdf\">eParaksts dokumentu form\u0101ti<\/a><\/p>\n<p><a href=\"\/wp-content\/uploads\/2021\/10\/Kuru-rOEku-izv\u2030l\u2030ties_-LV.jpg.pdf\">eParaksts r\u012bki<\/a><\/p>","protected":false},"excerpt":{"rendered":"<p>eParaksta iesp\u0113jas K\u0101 pieteikties eParaksts mobile eParaksts mobile eParaksts dokumentu form\u0101ti eParaksts r\u012bki<\/p>\n","protected":false},"author":1,"featured_media":0,"parent":0,"menu_order":0,"comment_status":"closed","ping_status":"closed","template":"","meta":{"_acf_changed":false,"_stc_notifier_status":"","_stc_notifier_sent_time":"","_stc_notifier_request":false,"_stc_notifier_prevent":false,"_stc_subscriber_keywords":"","_stc_subscriber_search_areas":"","inline_featured_image":false,"footnotes":""},"class_list":["post-5814","page","type-page","status-publish","hentry"],"acf":[],"_links":{"self":[{"href":"https:\/\/rigasveseliba.lv\/lv\/wp-json\/wp\/v2\/pages\/5814","targetHints":{"allow":["GET"]}}],"collection":[{"href":"https:\/\/rigasveseliba.lv\/lv\/wp-json\/wp\/v2\/pages"}],"about":[{"href":"https:\/\/rigasveseliba.lv\/lv\/wp-json\/wp\/v2\/types\/page"}],"author":[{"embeddable":true,"href":"https:\/\/rigasveseliba.lv\/lv\/wp-json\/wp\/v2\/users\/1"}],"replies":[{"embeddable":true,"href":"https:\/\/rigasveseliba.lv\/lv\/wp-json\/wp\/v2\/comments?post=5814"}],"version-history":[{"count":1,"href":"https:\/\/rigasveseliba.lv\/lv\/wp-json\/wp\/v2\/pages\/5814\/revisions"}],"predecessor-version":[{"id":5822,"href":"https:\/\/rigasveseliba.lv\/lv\/wp-json\/wp\/v2\/pages\/5814\/revisions\/5822"}],"wp:attachment":[{"href":"https:\/\/rigasveseliba.lv\/lv\/wp-json\/wp\/v2\/media?parent=5814"}],"curies":[{"name":"wp","href":"https:\/\/api.w.org\/{rel}","templated":true}]}}