{"id":4328,"date":"2021-09-25T17:56:49","date_gmt":"2021-09-25T17:56:49","guid":{"rendered":"\/?page_id=4328"},"modified":"2026-01-14T11:54:38","modified_gmt":"2026-01-14T09:54:38","slug":"cenradis","status":"publish","type":"page","link":"https:\/\/rigasveseliba.lv\/lv\/cenradis\/","title":{"rendered":"Cenr\u0101dis (l\u012bdzmaks\u0101jums valsts pakalpojumam un kop\u0113jais maks\u0101jums)"},"content":{"rendered":"","protected":false},"excerpt":{"rendered":"","protected":false},"author":1,"featured_media":0,"parent":0,"menu_order":0,"comment_status":"closed","ping_status":"closed","template":"rvc_cenradis.php","meta":{"_acf_changed":false,"_stc_notifier_status":"","_stc_notifier_sent_time":"","_stc_notifier_request":false,"_stc_notifier_prevent":false,"_stc_subscriber_keywords":"","_stc_subscriber_search_areas":"","inline_featured_image":false,"footnotes":""},"class_list":["post-4328","page","type-page","status-publish","hentry"],"acf":{"cenraza_piezime":"<p><span style=\"font-size: 18px;\">Inform\u0113jam, ka, neraugoties uz to, ka cen\u0161amies garant\u0113t nep\u0101rtrauktu visu cenr\u0101d\u012b nor\u0101d\u012bto maksas pakalpojumu pieejam\u012bbu, da\u017e\u0101du objekt\u012bvu iemeslu d\u0113\u013c tas ne vienm\u0113r ir iesp\u0113jams. Prec\u012bzu inform\u0101ciju par konkr\u0113tu pakalpojumu pieejam\u012bbu konkr\u0113taj\u0101 j\u016bs interes\u0113jo\u0161aj\u0101 laik\u0101 ir iesp\u0113jams sa\u0146emt Zvanu centr\u0101: 20028801, 8801.<\/span><\/p>\n<p><span style=\"font-size: 18px;\"><span style=\"text-decoration: underline;\">2026. gada 13. janv\u0101r\u012b<\/span> st\u0101j\u0101s sp\u0113k\u0101 SIA \u201cR\u012bgas vesel\u012bbas centrs\u201d maksas vesel\u012bbas pakalpojumu cenr\u0101\u017ea groz\u012bjumi. Apskat\u012bt un iepaz\u012bties ar cenr\u0101di j\u016bs varat re\u0123istrat\u016br\u0101s vai <strong>lejupiel\u0101d\u0113t to<\/strong><\/span><span style=\"font-size: 18px;\">\u00a0<a href=\"https:\/\/rigasveseliba.lv\/wp-content\/uploads\/2026\/01\/RVC_Maksas_pakalpojumu_cenradis_13_01_2026.pdf\"><strong>\u0160EIT<\/strong><\/a>.<\/span><\/p>\n"},"_links":{"self":[{"href":"https:\/\/rigasveseliba.lv\/lv\/wp-json\/wp\/v2\/pages\/4328","targetHints":{"allow":["GET"]}}],"collection":[{"href":"https:\/\/rigasveseliba.lv\/lv\/wp-json\/wp\/v2\/pages"}],"about":[{"href":"https:\/\/rigasveseliba.lv\/lv\/wp-json\/wp\/v2\/types\/page"}],"author":[{"embeddable":true,"href":"https:\/\/rigasveseliba.lv\/lv\/wp-json\/wp\/v2\/users\/1"}],"replies":[{"embeddable":true,"href":"https:\/\/rigasveseliba.lv\/lv\/wp-json\/wp\/v2\/comments?post=4328"}],"version-history":[{"count":40,"href":"https:\/\/rigasveseliba.lv\/lv\/wp-json\/wp\/v2\/pages\/4328\/revisions"}],"predecessor-version":[{"id":53770,"href":"https:\/\/rigasveseliba.lv\/lv\/wp-json\/wp\/v2\/pages\/4328\/revisions\/53770"}],"wp:attachment":[{"href":"https:\/\/rigasveseliba.lv\/lv\/wp-json\/wp\/v2\/media?parent=4328"}],"curies":[{"name":"wp","href":"https:\/\/api.w.org\/{rel}","templated":true}]}}