{"id":4315,"date":"2021-09-25T16:41:30","date_gmt":"2021-09-25T16:41:30","guid":{"rendered":"\/?page_id=4315"},"modified":"2025-03-25T16:31:50","modified_gmt":"2025-03-25T14:31:50","slug":"e-pieraksts","status":"publish","type":"page","link":"https:\/\/rigasveseliba.lv\/lv\/e-pieraksts\/","title":{"rendered":"E-pieraksts"},"content":{"rendered":"<p><span style=\"font-size: 18px;\">Pie SIA \u00a0\u201cR\u012bgas vesel\u012bbas centrs\u201d speci\u0101listiem un pakalpojumiem var<strong><span style=\"color: #ff0000;\"> pierakst\u012bties<\/span><\/strong> piecos veidos:<\/span><\/p>\n<ul type=\"disc\">\n<li><span style=\"font-size: 18px;\">aizpildot\u00a0<b>pieteikuma anketu <a href=\"https:\/\/rigasveseliba.lv\/lv\/e-pieraksts\/\">https:\/\/rigasveseliba.lv\/lv\/e-pieraksts\/ <\/a><\/b>(atbildi sa\u0146emsiet 24 h laik\u0101)<\/span><\/li>\n<li><span style=\"font-size: 18px;\">rakstot e-pastu:\u00a0<b><a href=\"mailto:pieraksts@rigasveseliba.lv\" target=\"_blank\" rel=\"noopener\">pieraksts@rigasveseliba.lv<\/a>\u00a0<\/b>(atbildi sa\u0146emsiet 24 h laik\u0101)<\/span><\/li>\n<li><span style=\"font-size: 18px;\">veicot pierakstu\u00a0<b>patst\u0101v\u012bgi port\u0101l\u0101\u00a0<a href=\"https:\/\/eveselibaspunkts.lv\/lv\/Booking\/SpecialistsAndServices?InstitutionCode=010001535\" target=\"_blank\" rel=\"noopener\">eveselibaspunkts.lv<\/a><\/b>\u00a0(pieraksts tiek veikts autom\u0101tiski, ta\u010du ne visi speci\u0101listi pieejami)<\/span><\/li>\n<li><span style=\"font-size: 18px;\">zvanot uz Zvanu centru <strong>\u2013<\/strong> t\u0101lr. 20028801, 8801 (darbdien\u0101s 8.00-19.00)<\/span><\/li>\n<li><span style=\"font-size: 18px;\">ierodoties re\u0123istrat\u016br\u0101<\/span><\/li>\n<\/ul>\n<p><span style=\"font-size: 18px;\">Ja j\u016bsu pl\u0101ni main\u0101s,\u00a0<strong>l\u016bgums m\u016bs <span style=\"color: #ff0000;\">par neiera\u0161anos inform\u0113t<\/span> <span style=\"text-decoration: underline;\">savlaic\u012bgi (vismaz 24 h pirms viz\u012btes!)<\/span> k\u0101d\u0101 no pieciem veidiem:<\/strong><\/span><\/p>\n<ul>\n<li><span style=\"font-size: 18px;\">atbildot uz sa\u0146emto atg\u0101din\u0101juma <strong>\u012bszi\u0146u<\/strong> ar nor\u0101d\u012bto kodu vai <strong>atbildot robotzvanam<\/strong><\/span><\/li>\n<li><span style=\"font-size: 18px;\">aizpildot <strong>atteikuma formu<\/strong>: <a href=\"https:\/\/ej.uz\/atteikuma_forma\" target=\"_blank\" rel=\"noopener\">https:\/\/ej.uz\/atteikuma_forma<\/a><\/span><\/li>\n<li><span style=\"font-size: 18px;\">pazi\u0146ojot fili\u0101les <strong>re\u0123istrat\u016br\u0101<\/strong><\/span><\/li>\n<li><span style=\"font-size: 18px;\">rakstot <strong>e-pastu<\/strong>:\u00a0<a href=\"mailto:pieraksts@rigasveseliba.lv\">pieraksts@rigasveseliba.lv<\/a><\/span><\/li>\n<li><span style=\"font-size: 18px;\"><strong>zvanot<\/strong> uz Zvanu centru: t\u0101lr.20028801 (darbadien\u0101s 8.00-19.00)<\/span><\/li>\n<\/ul>\n<p><span style=\"font-size: 18px;\">vai <strong>zvanot<\/strong> koordinatoriem, ja Jums ir pakalpojums <span style=\"text-decoration: underline;\">Rehabilit\u0101cijas noda\u013c\u0101<\/span> k\u0101d\u0101 no fili\u0101l\u0113m:<\/span><\/p>\n<ul>\n<li><span style=\"font-size: 18px;\">fili\u0101le \u201cBolder\u0101ja\u201d\u2013 62888802<\/span><\/li>\n<li><span style=\"font-size: 18px;\">pakalpojumu centrs \u201cDaugavgr\u012bva\u201d \u2013 66103134<\/span><\/li>\n<li><span style=\"font-size: 18px;\">fili\u0101le \u201cI\u013c\u0123uciems\u201d \u2013 62888805<\/span><\/li>\n<li><span style=\"font-size: 18px;\">fili\u0101le \u201cImanta\u201d \u2013 62888804<\/span><\/li>\n<li><span style=\"font-size: 18px;\">fili\u0101le \u201c\u0136engarags\u201d \u2013 62888806<\/span><\/li>\n<li><span style=\"font-size: 18px;\">fili\u0101le \u201cTor\u0146akalns\u201d \u2013 65025580<\/span><\/li>\n<li><span style=\"font-size: 18px;\">fili\u0101le \u201cZiepniekkalns\u201d \u2013 62888803<\/span><\/li>\n<li><span style=\"font-size: 18px;\">e-pasts:\u00a0<a href=\"https:\/\/rigasveseliba.lv\/lv\/aktualitates\/rcv-turpina-sniegt-mediciniskas-rehabilitacijas-pakalpojumus\/rehab.koordinatori@rigasveseliba.lv\">rehab.koordinatori@rigasveseliba.lv<\/a><\/span><\/li>\n<\/ul>\n<p><span style=\"font-size: 18px;\">vai <strong>zvanot<\/strong> re\u0123istrator\u0113m, ja Jums ir pakalpojums Z<span style=\"text-decoration: underline;\">ob\u0101rstniec\u012bba<\/span>s<span style=\"text-decoration: underline;\"> noda\u013c\u0101<\/span> k\u0101d\u0101 no fili\u0101l\u0113m:<\/span><\/p>\n<ul>\n<li><span style=\"font-size: 18px;\">fili\u0101le \u201cI\u013c\u0123uciems\u201d \u2013 62888808<\/span><\/li>\n<li><span style=\"font-size: 18px;\">fili\u0101le \u201cImanta\u201d \u2013 62888809<\/span><\/li>\n<li><span style=\"font-size: 18px;\">fili\u0101le \u201c\u0136engarags\u201d \u2013 62888810<\/span><\/li>\n<li><span style=\"font-size: 18px;\">fili\u0101le \u201cZiepniekkalns\u201d \u2013 62888807<\/span><\/li>\n<\/ul>\n<p><span style=\"font-size: 18px;\">Ja esat pieteicies pakalpojumam vietn\u0113 <strong>www.eveslibaspunkts.lv, veicot priek\u0161apmaksu,<\/strong> viz\u012btes atcel\u0161anas noteikumus l\u016bgums skat\u012bt <a href=\"https:\/\/rigasveseliba.lv\/wp-content\/uploads\/2025\/03\/RVC_210325_rik_1_6_34_noteikumi_final.pdf\">\u0160EIT<\/a>.\u00a0<\/span><\/p>\n<ul>\n<li><span style=\"font-size: 18px;\"><a href=\"https:\/\/rigasveseliba.lv\/wp-content\/uploads\/2025\/03\/V_J23_Atteikuma_veidlapa.doc\">Atteikuma veidlapa<\/a>\u00a0<\/span><\/li>\n<\/ul>\n<p>&nbsp;<\/p>\n<p><span style=\"font-size: 18px;\">! Atg\u0101din\u0101m, ka, neierodoties un laikus neatsakot apmekl\u0113jumu, j\u016bs pagarin\u0101t gaid\u012b\u0161anas rindas un liedzat iesp\u0113ju speci\u0101listiem sniegt savlaic\u012bgu konsult\u0101ciju vai izmekl\u0113jumu citiem pacientiem.<\/span><\/p>\n<p><span style=\"font-size: 18px;\">! M\u0113s izprotam, ka var rasties neparedzamas situ\u0101cijas, kad n\u0101kas atteikt vai main\u012bt iepl\u0101noto \u0101rsta apmekl\u0113jumu. Tom\u0113r l\u016bdzam jau s\u0101kotn\u0113ji atbild\u012bgi pl\u0101not savu un respekt\u0113t m\u016bsu speci\u0101listu laiku.<\/span><\/p>\n<p>&nbsp;<\/p>\n<p><span style=\"font-size: 18px;\"><strong>SVAR\u012aGI! Neveicam pierakstu\/atteikumu pie \u0123imenes \u0101rstiem \u2013 telpu nomniekiem.<\/strong><\/span><\/p>\n<p>&nbsp;<\/p>\n<p><span style=\"font-size: 18px;\">B\u016bsim pateic\u012bgi par J\u016bsu viedokli p\u0113c \u201cR\u012bgas vesel\u012bbas centra\u201d apmekl\u0113juma<a href=\"https:\/\/docs.google.com\/forms\/d\/e\/1FAIpQLScmY0ksCCbTHa9lgv2iyKXnFah12bHdH2wowdU2zKeIrdxfGQ\/viewform\" target=\"_blank\" rel=\"noopener\"> \u0160EIT<\/a>.<\/span><\/p>","protected":false},"excerpt":{"rendered":"<p>Pie SIA \u00a0\u201cR\u012bgas vesel\u012bbas centrs\u201d speci\u0101listiem un pakalpojumiem var pierakst\u012bties piecos veidos: aizpildot\u00a0pieteikuma anketu https:\/\/rigasveseliba.lv\/lv\/e-pieraksts\/ (atbildi sa\u0146emsiet 24 h laik\u0101) rakstot e-pastu:\u00a0pieraksts@rigasveseliba.lv\u00a0(atbildi sa\u0146emsiet 24 h laik\u0101) veicot pierakstu\u00a0patst\u0101v\u012bgi port\u0101l\u0101\u00a0eveselibaspunkts.lv\u00a0(pieraksts tiek veikts autom\u0101tiski, ta\u010du ne visi speci\u0101listi pieejami) zvanot uz Zvanu centru \u2013 t\u0101lr. 20028801, 8801 (darbdien\u0101s 8.00-19.00) ierodoties re\u0123istrat\u016br\u0101 Ja j\u016bsu pl\u0101ni main\u0101s,\u00a0l\u016bgums m\u016bs par&#8230;<\/p>\n","protected":false},"author":1,"featured_media":0,"parent":0,"menu_order":0,"comment_status":"closed","ping_status":"closed","template":"rvc_pieraksts.php","meta":{"_acf_changed":false,"_stc_notifier_status":"","_stc_notifier_sent_time":"","_stc_notifier_request":false,"_stc_notifier_prevent":false,"_stc_subscriber_keywords":"","_stc_subscriber_search_areas":"","inline_featured_image":false,"footnotes":""},"class_list":["post-4315","page","type-page","status-publish","hentry"],"acf":[],"_links":{"self":[{"href":"https:\/\/rigasveseliba.lv\/lv\/wp-json\/wp\/v2\/pages\/4315","targetHints":{"allow":["GET"]}}],"collection":[{"href":"https:\/\/rigasveseliba.lv\/lv\/wp-json\/wp\/v2\/pages"}],"about":[{"href":"https:\/\/rigasveseliba.lv\/lv\/wp-json\/wp\/v2\/types\/page"}],"author":[{"embeddable":true,"href":"https:\/\/rigasveseliba.lv\/lv\/wp-json\/wp\/v2\/users\/1"}],"replies":[{"embeddable":true,"href":"https:\/\/rigasveseliba.lv\/lv\/wp-json\/wp\/v2\/comments?post=4315"}],"version-history":[{"count":13,"href":"https:\/\/rigasveseliba.lv\/lv\/wp-json\/wp\/v2\/pages\/4315\/revisions"}],"predecessor-version":[{"id":49924,"href":"https:\/\/rigasveseliba.lv\/lv\/wp-json\/wp\/v2\/pages\/4315\/revisions\/49924"}],"wp:attachment":[{"href":"https:\/\/rigasveseliba.lv\/lv\/wp-json\/wp\/v2\/media?parent=4315"}],"curies":[{"name":"wp","href":"https:\/\/api.w.org\/{rel}","templated":true}]}}