{"id":39268,"date":"2022-12-06T11:37:30","date_gmt":"2022-12-06T09:37:30","guid":{"rendered":"https:\/\/rigasveseliba.lv\/?page_id=39268"},"modified":"2026-03-23T09:29:42","modified_gmt":"2026-03-23T07:29:42","slug":"telpu-nomnieki","status":"publish","type":"page","link":"https:\/\/rigasveseliba.lv\/lv\/telpu-nomnieki\/","title":{"rendered":"Telpu nomnieki"},"content":{"rendered":"<p>SIA \u201cR\u012bgas vesel\u012bbas centrs\u201d iznom\u0101 telpas saska\u0146\u0101 ar Ministru kabineta 2018. gada 20. febru\u0101ra noteikumos Nr.97 \u201cPubliskas personas mantas iznom\u0101\u0161anas noteikumi\u201d noteikto k\u0101rt\u012bbu.<\/p>\n<p>Par telp\u0101m, kas netiek nodotas lieto\u0161an\u0101 valsts vesel\u012bbas apr\u016bpes pakalpojumu (piem., \u0123imenes \u0101rstu prakses darb\u012bba) snieg\u0161anai, tiek organiz\u0113tas atkl\u0101tas izsoles saska\u0146\u0101 ar normat\u012bvajos aktos noteikto k\u0101rt\u012bbu.<\/p>\n<p>Vair\u0101k par telpu nomas izsol\u0113m inform\u0101ciju skat\u012bt sada\u013c\u0101 \u201cIzsoles\u201d.<\/p>\n<p>&nbsp;<\/p>\n<p><a href=\"https:\/\/rigasveseliba.lv\/wp-content\/uploads\/2026\/03\/Nomnieku-saraksts_uz_200326.pdf\"><span style=\"font-size: 18px;\">Aktu\u0101lais telpu nomnieku saraksts<\/span><\/a><\/p>\n","protected":false},"excerpt":{"rendered":"<p>SIA \u201cR\u012bgas vesel\u012bbas centrs\u201d iznom\u0101 telpas saska\u0146\u0101 ar Ministru kabineta 2018. gada 20. febru\u0101ra noteikumos Nr.97 \u201cPubliskas personas mantas iznom\u0101\u0161anas noteikumi\u201d noteikto k\u0101rt\u012bbu. Par telp\u0101m, kas netiek nodotas lieto\u0161an\u0101 valsts vesel\u012bbas apr\u016bpes pakalpojumu (piem., \u0123imenes \u0101rstu prakses darb\u012bba) snieg\u0161anai, tiek organiz\u0113tas atkl\u0101tas izsoles saska\u0146\u0101 ar normat\u012bvajos aktos noteikto k\u0101rt\u012bbu. Vair\u0101k par telpu nomas izsol\u0113m inform\u0101ciju&#8230;<\/p>\n","protected":false},"author":1,"featured_media":0,"parent":0,"menu_order":0,"comment_status":"closed","ping_status":"closed","template":"rvc_par_mums_page.php","meta":{"_acf_changed":false,"_stc_notifier_status":"","_stc_notifier_sent_time":"","_stc_notifier_request":false,"_stc_notifier_prevent":false,"_stc_subscriber_keywords":"","_stc_subscriber_search_areas":"","inline_featured_image":false,"footnotes":""},"class_list":["post-39268","page","type-page","status-publish","hentry"],"acf":[],"_links":{"self":[{"href":"https:\/\/rigasveseliba.lv\/lv\/wp-json\/wp\/v2\/pages\/39268","targetHints":{"allow":["GET"]}}],"collection":[{"href":"https:\/\/rigasveseliba.lv\/lv\/wp-json\/wp\/v2\/pages"}],"about":[{"href":"https:\/\/rigasveseliba.lv\/lv\/wp-json\/wp\/v2\/types\/page"}],"author":[{"embeddable":true,"href":"https:\/\/rigasveseliba.lv\/lv\/wp-json\/wp\/v2\/users\/1"}],"replies":[{"embeddable":true,"href":"https:\/\/rigasveseliba.lv\/lv\/wp-json\/wp\/v2\/comments?post=39268"}],"version-history":[{"count":16,"href":"https:\/\/rigasveseliba.lv\/lv\/wp-json\/wp\/v2\/pages\/39268\/revisions"}],"predecessor-version":[{"id":54678,"href":"https:\/\/rigasveseliba.lv\/lv\/wp-json\/wp\/v2\/pages\/39268\/revisions\/54678"}],"wp:attachment":[{"href":"https:\/\/rigasveseliba.lv\/lv\/wp-json\/wp\/v2\/media?parent=39268"}],"curies":[{"name":"wp","href":"https:\/\/api.w.org\/{rel}","templated":true}]}}