{"id":11,"date":"2021-08-28T08:56:02","date_gmt":"2021-08-28T08:56:02","guid":{"rendered":"https:\/\/rvc.local\/?page_id=11"},"modified":"2026-02-06T16:59:08","modified_gmt":"2026-02-06T14:59:08","slug":"sakumlapa","status":"publish","type":"page","link":"https:\/\/rigasveseliba.lv\/lv\/","title":{"rendered":"S\u0101kums"},"content":{"rendered":"","protected":false},"excerpt":{"rendered":"","protected":false},"author":1,"featured_media":0,"parent":0,"menu_order":0,"comment_status":"closed","ping_status":"closed","template":"rvc_frontpage.php","meta":{"_acf_changed":false,"_stc_notifier_status":"","_stc_notifier_sent_time":"","_stc_notifier_request":false,"_stc_notifier_prevent":false,"_stc_subscriber_keywords":"","_stc_subscriber_search_areas":"","inline_featured_image":false,"footnotes":""},"class_list":["post-11","page","type-page","status-publish","hentry"],"acf":{"bloki":[{"ikona":"https:\/\/rigasveseliba.lv\/wp-content\/uploads\/2021\/09\/pakalpojumi.svg","nosaukums":"Pakalpojumi","teksts":"","saite":"","radit":true,"slug":"pakalpojumi"},{"ikona":"https:\/\/rigasveseliba.lv\/wp-content\/uploads\/2021\/09\/filiales.svg","nosaukums":"Fili\u0101les","teksts":"","saite":"","radit":true,"slug":"filiales"},{"ikona":"https:\/\/rigasveseliba.lv\/wp-content\/uploads\/2021\/09\/pakalpojumi.svg","nosaukums":"Aktu\u0101lie pakalpojumi","teksts":"Visi pakalpojumi","saite":"","radit":false,"slug":"aktualie_pakalpojumi"},{"ikona":"https:\/\/rigasveseliba.lv\/wp-content\/uploads\/2021\/09\/aktualiates.svg","nosaukums":"Aktualit\u0101tes","teksts":"Visas aktualit\u0101tes","saite":"\/aktualitates","radit":true,"slug":"aktualitates"},{"ikona":"https:\/\/rigasveseliba.lv\/wp-content\/uploads\/2021\/09\/apdrosinasana.svg","nosaukums":"Apdro\u0161in\u0101\u0161ana","teksts":"","saite":"","radit":true,"slug":"apdrosinasana"},{"ikona":"https:\/\/rigasveseliba.lv\/wp-content\/uploads\/2023\/10\/partneri-1.svg","nosaukums":"M\u0113s sadarbojamies","teksts":"","saite":"","radit":true,"slug":"partneri"}]},"_links":{"self":[{"href":"https:\/\/rigasveseliba.lv\/lv\/wp-json\/wp\/v2\/pages\/11","targetHints":{"allow":["GET"]}}],"collection":[{"href":"https:\/\/rigasveseliba.lv\/lv\/wp-json\/wp\/v2\/pages"}],"about":[{"href":"https:\/\/rigasveseliba.lv\/lv\/wp-json\/wp\/v2\/types\/page"}],"author":[{"embeddable":true,"href":"https:\/\/rigasveseliba.lv\/lv\/wp-json\/wp\/v2\/users\/1"}],"replies":[{"embeddable":true,"href":"https:\/\/rigasveseliba.lv\/lv\/wp-json\/wp\/v2\/comments?post=11"}],"version-history":[{"count":16,"href":"https:\/\/rigasveseliba.lv\/lv\/wp-json\/wp\/v2\/pages\/11\/revisions"}],"predecessor-version":[{"id":52758,"href":"https:\/\/rigasveseliba.lv\/lv\/wp-json\/wp\/v2\/pages\/11\/revisions\/52758"}],"wp:attachment":[{"href":"https:\/\/rigasveseliba.lv\/lv\/wp-json\/wp\/v2\/media?parent=11"}],"curies":[{"name":"wp","href":"https:\/\/api.w.org\/{rel}","templated":true}]}}